{"id":28,"date":"2010-04-14T17:50:24","date_gmt":"2010-04-14T15:50:24","guid":{"rendered":"http:\/\/www.georgkaiser.de\/?page_id=28"},"modified":"2010-04-14T17:58:32","modified_gmt":"2010-04-14T15:58:32","slug":"mitflieger","status":"publish","type":"page","link":"https:\/\/www.georgkaiser.de\/?page_id=28","title":{"rendered":"Mitflieger"},"content":{"rendered":"<p>Meine beiden Jungs sind immer gerne in der Luft&#8230;. solange es ins Legoland oder den Ravensburger Spielepark geht. Ansonsten h\u00f6rt man von der R\u00fcckbank schonmal &#8222;Sind wir bald da?&#8220; oder auch garnix mehr, denn fliegen macht m\u00fcde.<\/p>\n<p><a href=\"http:\/\/www.georgkaiser.de\/wp-content\/uploads\/2010\/04\/IMG_5406-Small.jpg\"><img loading=\"lazy\" decoding=\"async\" class=\"alignnone size-full wp-image-29\" title=\"Philipp und Tobias\" src=\"http:\/\/www.georgkaiser.de\/wp-content\/uploads\/2010\/04\/IMG_5406-Small.jpg\" alt=\"\" width=\"512\" height=\"341\" srcset=\"https:\/\/www.georgkaiser.de\/wp-content\/uploads\/2010\/04\/IMG_5406-Small.jpg 640w, https:\/\/www.georgkaiser.de\/wp-content\/uploads\/2010\/04\/IMG_5406-Small-300x199.jpg 300w\" sizes=\"auto, (max-width: 512px) 100vw, 512px\" \/><\/a><\/p>\n<p>Nachdem die beiden k\u00fcrzlich in Gemeinschaftsarbeite eine A320 in N\u00fcrnberg gelandet haben (mit dem FSX) scheint eine gewisse Begabung vorhanden zu sein.<\/p>\n","protected":false},"excerpt":{"rendered":"<p>Meine beiden Jungs sind immer gerne in der Luft&#8230;. solange es ins Legoland oder den Ravensburger Spielepark geht. Ansonsten h\u00f6rt man von der R\u00fcckbank schonmal &#8222;Sind wir bald da?&#8220; oder auch garnix mehr, denn fliegen macht m\u00fcde. Nachdem die beiden k\u00fcrzlich in Gemeinschaftsarbeite eine A320 in N\u00fcrnberg gelandet haben (mit dem FSX) scheint eine gewisse [&hellip;]<\/p>\n","protected":false},"author":1,"featured_media":0,"parent":0,"menu_order":5,"comment_status":"open","ping_status":"open","template":"","meta":{"footnotes":""},"class_list":["post-28","page","type-page","status-publish","hentry"],"_links":{"self":[{"href":"https:\/\/www.georgkaiser.de\/index.php?rest_route=\/wp\/v2\/pages\/28","targetHints":{"allow":["GET"]}}],"collection":[{"href":"https:\/\/www.georgkaiser.de\/index.php?rest_route=\/wp\/v2\/pages"}],"about":[{"href":"https:\/\/www.georgkaiser.de\/index.php?rest_route=\/wp\/v2\/types\/page"}],"author":[{"embeddable":true,"href":"https:\/\/www.georgkaiser.de\/index.php?rest_route=\/wp\/v2\/users\/1"}],"replies":[{"embeddable":true,"href":"https:\/\/www.georgkaiser.de\/index.php?rest_route=%2Fwp%2Fv2%2Fcomments&post=28"}],"version-history":[{"count":7,"href":"https:\/\/www.georgkaiser.de\/index.php?rest_route=\/wp\/v2\/pages\/28\/revisions"}],"predecessor-version":[{"id":36,"href":"https:\/\/www.georgkaiser.de\/index.php?rest_route=\/wp\/v2\/pages\/28\/revisions\/36"}],"wp:attachment":[{"href":"https:\/\/www.georgkaiser.de\/index.php?rest_route=%2Fwp%2Fv2%2Fmedia&parent=28"}],"curies":[{"name":"wp","href":"https:\/\/api.w.org\/{rel}","templated":true}]}}